{"id":1647,"date":"2022-08-27T23:22:03","date_gmt":"2022-08-28T04:22:03","guid":{"rendered":"https:\/\/lawandcorp.com\/?page_id=1647"},"modified":"2022-08-28T00:05:43","modified_gmt":"2022-08-28T05:05:43","slug":"peliculas","status":"publish","type":"page","link":"https:\/\/lawandcorp.com\/index.php\/peliculas\/","title":{"rendered":"Pel\u00edculas"},"content":{"rendered":"\t\t<div data-elementor-type=\"wp-page\" data-elementor-id=\"1647\" class=\"elementor elementor-1647\" data-elementor-post-type=\"page\">\n\t\t\t\t\t\t<section class=\"elementor-section elementor-top-section elementor-element elementor-element-b39e084 elementor-section-boxed elementor-section-height-default elementor-section-height-default\" data-id=\"b39e084\" data-element_type=\"section\">\n\t\t\t\t\t\t<div class=\"elementor-container elementor-column-gap-default\">\n\t\t\t\t\t<div class=\"elementor-column elementor-col-100 elementor-top-column elementor-element elementor-element-3a12eeb\" data-id=\"3a12eeb\" data-element_type=\"column\">\n\t\t\t<div class=\"elementor-widget-wrap elementor-element-populated\">\n\t\t\t\t\t\t<div class=\"elementor-element elementor-element-12a48f3 elementor-grid-3 elementor-grid-tablet-2 elementor-grid-mobile-1 elementor-posts--thumbnail-top elementor-widget elementor-widget-posts\" data-id=\"12a48f3\" data-element_type=\"widget\" data-settings=\"{&quot;pagination_type&quot;:&quot;load_more_infinite_scroll&quot;,&quot;classic_columns&quot;:&quot;3&quot;,&quot;classic_columns_tablet&quot;:&quot;2&quot;,&quot;classic_columns_mobile&quot;:&quot;1&quot;,&quot;classic_row_gap&quot;:{&quot;unit&quot;:&quot;px&quot;,&quot;size&quot;:35,&quot;sizes&quot;:[]},&quot;classic_row_gap_tablet&quot;:{&quot;unit&quot;:&quot;px&quot;,&quot;size&quot;:&quot;&quot;,&quot;sizes&quot;:[]},&quot;classic_row_gap_mobile&quot;:{&quot;unit&quot;:&quot;px&quot;,&quot;size&quot;:&quot;&quot;,&quot;sizes&quot;:[]},&quot;load_more_spinner&quot;:{&quot;value&quot;:&quot;fas fa-spinner&quot;,&quot;library&quot;:&quot;fa-solid&quot;}}\" data-widget_type=\"posts.classic\">\n\t\t\t\t<div class=\"elementor-widget-container\">\n\t\t\t\t\t\t\t<div class=\"elementor-posts-container elementor-posts elementor-posts--skin-classic elementor-grid\">\n\t\t\t\t<article class=\"elementor-post elementor-grid-item post-2879 post type-post status-publish format-standard has-post-thumbnail hentry category-entretenimiento category-peliculas tag-296 tag-20th-century-fox tag-21th-century-fox tag-alien tag-alien-depredador tag-alien-vs-predator tag-aliens tag-ciencia-ficcion tag-entretenimiento tag-espacial tag-extraterrestre tag-fox tag-gigger tag-law-corp tag-law-and-corp tag-mexico tag-paranormal tag-peliculas tag-sigourney-weaver tag-terror tag-trending tag-trending-topic tag-trends tag-xenomorfo tag-xenomorph\">\n\t\t\t\t<a class=\"elementor-post__thumbnail__link\" href=\"https:\/\/lawandcorp.com\/index.php\/2024\/08\/17\/cronologia-de-alien\/\" tabindex=\"-1\" >\n\t\t\t<div class=\"elementor-post__thumbnail\"><img fetchpriority=\"high\" decoding=\"async\" width=\"1024\" height=\"576\" src=\"https:\/\/i0.wp.com\/lawandcorp.com\/wp-content\/uploads\/2024\/08\/4-alien-romulus.jpg?fit=1024%2C576&amp;ssl=1\" class=\"attachment-large size-large wp-image-2888\" alt=\"\" srcset=\"https:\/\/i0.wp.com\/lawandcorp.com\/wp-content\/uploads\/2024\/08\/4-alien-romulus.jpg?w=1280&amp;ssl=1 1280w, https:\/\/i0.wp.com\/lawandcorp.com\/wp-content\/uploads\/2024\/08\/4-alien-romulus.jpg?resize=300%2C169&amp;ssl=1 300w, https:\/\/i0.wp.com\/lawandcorp.com\/wp-content\/uploads\/2024\/08\/4-alien-romulus.jpg?resize=1024%2C576&amp;ssl=1 1024w, https:\/\/i0.wp.com\/lawandcorp.com\/wp-content\/uploads\/2024\/08\/4-alien-romulus.jpg?resize=768%2C432&amp;ssl=1 768w\" sizes=\"(max-width: 1000px) 100vw, 1000px\" \/><\/div>\n\t\t<\/a>\n\t\t\t\t<div class=\"elementor-post__text\">\n\t\t\t\t<h5 class=\"elementor-post__title\">\n\t\t\t<a href=\"https:\/\/lawandcorp.com\/index.php\/2024\/08\/17\/cronologia-de-alien\/\" >\n\t\t\t\tCRONOLOG\u00cdA DE ALIEN\t\t\t<\/a>\n\t\t<\/h5>\n\t\t\t\t<div class=\"elementor-post__meta-data\">\n\t\t\t\t\t<span class=\"elementor-post-author\">\n\t\t\tLAW &#38; CORP\t\t<\/span>\n\t\t\t\t<span class=\"elementor-post-date\">\n\t\t\t17 de agosto de 2024\t\t<\/span>\n\t\t\t\t<span class=\"elementor-post-avatar\">\n\t\t\tNo hay comentarios\t\t<\/span>\n\t\t\t\t<\/div>\n\t\t\t\t<div class=\"elementor-post__excerpt\">\n\t\t\t<p>La saga de Alien ha sido aclamada por el p\u00fablico de casi todas las edades durante generaciones. La siguiente cronolog\u00eda abarca las pel\u00edculas principales de<\/p>\n\t\t<\/div>\n\t\t\n\t\t<a class=\"elementor-post__read-more\" href=\"https:\/\/lawandcorp.com\/index.php\/2024\/08\/17\/cronologia-de-alien\/\" aria-label=\"M\u00e1s informaci\u00f3n sobre CRONOLOG\u00cdA DE ALIEN\" tabindex=\"-1\" >\n\t\t\tLeer m\u00e1s \u00bb\t\t<\/a>\n\n\t\t\t\t<\/div>\n\t\t\t\t<\/article>\n\t\t\t\t<article class=\"elementor-post elementor-grid-item post-2757 post type-post status-publish format-standard has-post-thumbnail hentry category-entretenimiento category-peliculas tag-181 tag-entretenimiento tag-estrenos-2023 tag-friday-the-13th tag-horror tag-horror-movie tag-horror-movie-2023 tag-horror-movies tag-horror-movies-2023 tag-jason-voorhees tag-law-corp tag-law-and-corp tag-mexico tag-movie-2023 tag-movies-2023 tag-peliculas tag-peliculas-2023 tag-peliculas-de-terror tag-peliculas-de-terror-2023 tag-terror tag-trending tag-trending-topic tag-trends tag-viernes-13\">\n\t\t\t\t<a class=\"elementor-post__thumbnail__link\" href=\"https:\/\/lawandcorp.com\/index.php\/2023\/10\/15\/fan-film-de-viernes-13-never-hike-alone-2\/\" tabindex=\"-1\" >\n\t\t\t<div class=\"elementor-post__thumbnail\"><img decoding=\"async\" width=\"1024\" height=\"576\" src=\"https:\/\/i0.wp.com\/lawandcorp.com\/wp-content\/uploads\/2023\/10\/maxresdefault.jpg?fit=1024%2C576&amp;ssl=1\" class=\"attachment-large size-large wp-image-2758\" alt=\"\" srcset=\"https:\/\/i0.wp.com\/lawandcorp.com\/wp-content\/uploads\/2023\/10\/maxresdefault.jpg?w=1280&amp;ssl=1 1280w, https:\/\/i0.wp.com\/lawandcorp.com\/wp-content\/uploads\/2023\/10\/maxresdefault.jpg?resize=300%2C169&amp;ssl=1 300w, https:\/\/i0.wp.com\/lawandcorp.com\/wp-content\/uploads\/2023\/10\/maxresdefault.jpg?resize=1024%2C576&amp;ssl=1 1024w, https:\/\/i0.wp.com\/lawandcorp.com\/wp-content\/uploads\/2023\/10\/maxresdefault.jpg?resize=768%2C432&amp;ssl=1 768w\" sizes=\"(max-width: 1000px) 100vw, 1000px\" \/><\/div>\n\t\t<\/a>\n\t\t\t\t<div class=\"elementor-post__text\">\n\t\t\t\t<h5 class=\"elementor-post__title\">\n\t\t\t<a href=\"https:\/\/lawandcorp.com\/index.php\/2023\/10\/15\/fan-film-de-viernes-13-never-hike-alone-2\/\" >\n\t\t\t\t\u00a1FAN FILM DE VIERNES 13!: NEVER HIKE ALONE 2\t\t\t<\/a>\n\t\t<\/h5>\n\t\t\t\t<div class=\"elementor-post__meta-data\">\n\t\t\t\t\t<span class=\"elementor-post-author\">\n\t\t\tLAW &#38; CORP\t\t<\/span>\n\t\t\t\t<span class=\"elementor-post-date\">\n\t\t\t15 de octubre de 2023\t\t<\/span>\n\t\t\t\t<span class=\"elementor-post-avatar\">\n\t\t\tNo hay comentarios\t\t<\/span>\n\t\t\t\t<\/div>\n\t\t\t\t<div class=\"elementor-post__excerpt\">\n\t\t\t<p>Retomando la saga de Viernes 13, continuamos con los acontecimientos relacionados con el cine de terror, teniendo ahora la segunda parte de NEVER HIKE ALONE,<\/p>\n\t\t<\/div>\n\t\t\n\t\t<a class=\"elementor-post__read-more\" href=\"https:\/\/lawandcorp.com\/index.php\/2023\/10\/15\/fan-film-de-viernes-13-never-hike-alone-2\/\" aria-label=\"M\u00e1s informaci\u00f3n sobre \u00a1FAN FILM DE VIERNES 13!: NEVER HIKE ALONE 2\" tabindex=\"-1\" >\n\t\t\tLeer m\u00e1s \u00bb\t\t<\/a>\n\n\t\t\t\t<\/div>\n\t\t\t\t<\/article>\n\t\t\t\t<article class=\"elementor-post elementor-grid-item post-2738 post type-post status-publish format-standard has-post-thumbnail hentry category-entretenimiento category-peliculas tag-entretenimiento tag-friday-the-13th tag-horror tag-horror-movie tag-horror-movie-2023 tag-horror-movies tag-horror-movies-2023 tag-jason-voorhees tag-law-corp tag-law-and-corp tag-mexico tag-peliculas tag-peliculas-de-terror tag-peliculas-de-terror-2023 tag-terror tag-trending tag-trending-topic tag-trends tag-viernes-13\">\n\t\t\t\t<a class=\"elementor-post__thumbnail__link\" href=\"https:\/\/lawandcorp.com\/index.php\/2023\/10\/02\/los-fan-films-de-viernes-13\/\" tabindex=\"-1\" >\n\t\t\t<div class=\"elementor-post__thumbnail\"><img decoding=\"async\" width=\"1024\" height=\"536\" src=\"https:\/\/i0.wp.com\/lawandcorp.com\/wp-content\/uploads\/2023\/10\/friday-the-13th-7-vii-jason-voorhees-1225976.jpeg?fit=1024%2C536&amp;ssl=1\" class=\"attachment-large size-large wp-image-2739\" alt=\"\" srcset=\"https:\/\/i0.wp.com\/lawandcorp.com\/wp-content\/uploads\/2023\/10\/friday-the-13th-7-vii-jason-voorhees-1225976.jpeg?w=1200&amp;ssl=1 1200w, https:\/\/i0.wp.com\/lawandcorp.com\/wp-content\/uploads\/2023\/10\/friday-the-13th-7-vii-jason-voorhees-1225976.jpeg?resize=300%2C157&amp;ssl=1 300w, https:\/\/i0.wp.com\/lawandcorp.com\/wp-content\/uploads\/2023\/10\/friday-the-13th-7-vii-jason-voorhees-1225976.jpeg?resize=1024%2C536&amp;ssl=1 1024w, https:\/\/i0.wp.com\/lawandcorp.com\/wp-content\/uploads\/2023\/10\/friday-the-13th-7-vii-jason-voorhees-1225976.jpeg?resize=768%2C402&amp;ssl=1 768w\" sizes=\"(max-width: 1000px) 100vw, 1000px\" \/><\/div>\n\t\t<\/a>\n\t\t\t\t<div class=\"elementor-post__text\">\n\t\t\t\t<h5 class=\"elementor-post__title\">\n\t\t\t<a href=\"https:\/\/lawandcorp.com\/index.php\/2023\/10\/02\/los-fan-films-de-viernes-13\/\" >\n\t\t\t\tLOS FAN FILMS DE VIERNES 13\t\t\t<\/a>\n\t\t<\/h5>\n\t\t\t\t<div class=\"elementor-post__meta-data\">\n\t\t\t\t\t<span class=\"elementor-post-author\">\n\t\t\tLAW &#38; CORP\t\t<\/span>\n\t\t\t\t<span class=\"elementor-post-date\">\n\t\t\t2 de octubre de 2023\t\t<\/span>\n\t\t\t\t<span class=\"elementor-post-avatar\">\n\t\t\tNo hay comentarios\t\t<\/span>\n\t\t\t\t<\/div>\n\t\t\t\t<div class=\"elementor-post__excerpt\">\n\t\t\t<p>Cuando las producciones de una saga se detienen, los primeros en actuar, son nada m\u00e1s y nada menos que los fan\u00e1ticos. Sucedi\u00f3 con Chucky y<\/p>\n\t\t<\/div>\n\t\t\n\t\t<a class=\"elementor-post__read-more\" href=\"https:\/\/lawandcorp.com\/index.php\/2023\/10\/02\/los-fan-films-de-viernes-13\/\" aria-label=\"M\u00e1s informaci\u00f3n sobre LOS FAN FILMS DE VIERNES 13\" tabindex=\"-1\" >\n\t\t\tLeer m\u00e1s \u00bb\t\t<\/a>\n\n\t\t\t\t<\/div>\n\t\t\t\t<\/article>\n\t\t\t\t<article class=\"elementor-post elementor-grid-item post-2562 post type-post status-publish format-standard has-post-thumbnail hentry category-entretenimiento category-game-corp category-peliculas tag-181 tag-bowser tag-entretenimiento tag-estrenos-2023 tag-jack-black tag-law-corp tag-law-and-corp tag-mario-bros tag-mexico tag-movie-2023 tag-movies-2023 tag-nintendo tag-peliculas tag-peliculas-2023 tag-super-mario-bros tag-trending tag-trending-topic tag-trends tag-videogames tag-videojuegos\">\n\t\t\t\t<a class=\"elementor-post__thumbnail__link\" href=\"https:\/\/lawandcorp.com\/index.php\/2023\/04\/09\/peaches-super-mario-bros-la-pelicula-video\/\" tabindex=\"-1\" >\n\t\t\t<div class=\"elementor-post__thumbnail\"><img loading=\"lazy\" decoding=\"async\" width=\"1024\" height=\"576\" src=\"https:\/\/i0.wp.com\/lawandcorp.com\/wp-content\/uploads\/2023\/04\/PEACHES.jpg?fit=1024%2C576&amp;ssl=1\" class=\"attachment-large size-large wp-image-2563\" alt=\"\" srcset=\"https:\/\/i0.wp.com\/lawandcorp.com\/wp-content\/uploads\/2023\/04\/PEACHES.jpg?w=1280&amp;ssl=1 1280w, https:\/\/i0.wp.com\/lawandcorp.com\/wp-content\/uploads\/2023\/04\/PEACHES.jpg?resize=300%2C169&amp;ssl=1 300w, https:\/\/i0.wp.com\/lawandcorp.com\/wp-content\/uploads\/2023\/04\/PEACHES.jpg?resize=1024%2C576&amp;ssl=1 1024w, https:\/\/i0.wp.com\/lawandcorp.com\/wp-content\/uploads\/2023\/04\/PEACHES.jpg?resize=768%2C432&amp;ssl=1 768w\" sizes=\"(max-width: 1000px) 100vw, 1000px\" \/><\/div>\n\t\t<\/a>\n\t\t\t\t<div class=\"elementor-post__text\">\n\t\t\t\t<h5 class=\"elementor-post__title\">\n\t\t\t<a href=\"https:\/\/lawandcorp.com\/index.php\/2023\/04\/09\/peaches-super-mario-bros-la-pelicula-video\/\" >\n\t\t\t\t\u00a1PEACHES! SUPER MARIO BROS, LA PEL\u00cdCULA (VIDEO)\t\t\t<\/a>\n\t\t<\/h5>\n\t\t\t\t<div class=\"elementor-post__meta-data\">\n\t\t\t\t\t<span class=\"elementor-post-author\">\n\t\t\tLAW &#38; CORP\t\t<\/span>\n\t\t\t\t<span class=\"elementor-post-date\">\n\t\t\t9 de abril de 2023\t\t<\/span>\n\t\t\t\t<span class=\"elementor-post-avatar\">\n\t\t\tNo hay comentarios\t\t<\/span>\n\t\t\t\t<\/div>\n\t\t\t\t<div class=\"elementor-post__excerpt\">\n\t\t\t<p>A veces no sabemos por qu\u00e9 suceden las cosas, ni cu\u00e1les ser\u00e1n los efectos de esos acontecimientos. En esta semana se estren\u00f3 la tan esperada<\/p>\n\t\t<\/div>\n\t\t\n\t\t<a class=\"elementor-post__read-more\" href=\"https:\/\/lawandcorp.com\/index.php\/2023\/04\/09\/peaches-super-mario-bros-la-pelicula-video\/\" aria-label=\"M\u00e1s informaci\u00f3n sobre \u00a1PEACHES! SUPER MARIO BROS, LA PEL\u00cdCULA (VIDEO)\" tabindex=\"-1\" >\n\t\t\tLeer m\u00e1s \u00bb\t\t<\/a>\n\n\t\t\t\t<\/div>\n\t\t\t\t<\/article>\n\t\t\t\t<article class=\"elementor-post elementor-grid-item post-2402 post type-post status-publish format-standard has-post-thumbnail hentry category-entretenimiento category-peliculas tag-anime tag-dragon-ball tag-dragon-ball-super tag-dragon-ball-super-super-hero tag-dragon-ball-z tag-emprendimiento tag-entretenimiento tag-law-corp tag-law-and-corp tag-mexico tag-peliculas tag-series tag-trend tag-trending tag-trending-movie tag-trending-topic tag-trending-topics tag-trending-topik tag-trending-topiks tag-trends\">\n\t\t\t\t<a class=\"elementor-post__thumbnail__link\" href=\"https:\/\/lawandcorp.com\/index.php\/2023\/02\/02\/legend-un-epico-cortometraje-de-dragon-ball\/\" tabindex=\"-1\" >\n\t\t\t<div class=\"elementor-post__thumbnail\"><img loading=\"lazy\" decoding=\"async\" width=\"1000\" height=\"667\" src=\"https:\/\/i0.wp.com\/lawandcorp.com\/wp-content\/uploads\/2023\/02\/legend-a-dragon-ball-tale-el-mejor-anime-creado-por-fanaticos-de-dragon-ball-large-3ImK0Qlgrb.jpg?fit=1000%2C667&amp;ssl=1\" class=\"attachment-large size-large wp-image-2403\" alt=\"\" srcset=\"https:\/\/i0.wp.com\/lawandcorp.com\/wp-content\/uploads\/2023\/02\/legend-a-dragon-ball-tale-el-mejor-anime-creado-por-fanaticos-de-dragon-ball-large-3ImK0Qlgrb.jpg?w=1000&amp;ssl=1 1000w, https:\/\/i0.wp.com\/lawandcorp.com\/wp-content\/uploads\/2023\/02\/legend-a-dragon-ball-tale-el-mejor-anime-creado-por-fanaticos-de-dragon-ball-large-3ImK0Qlgrb.jpg?resize=300%2C200&amp;ssl=1 300w, https:\/\/i0.wp.com\/lawandcorp.com\/wp-content\/uploads\/2023\/02\/legend-a-dragon-ball-tale-el-mejor-anime-creado-por-fanaticos-de-dragon-ball-large-3ImK0Qlgrb.jpg?resize=768%2C512&amp;ssl=1 768w\" sizes=\"(max-width: 1000px) 100vw, 1000px\" \/><\/div>\n\t\t<\/a>\n\t\t\t\t<div class=\"elementor-post__text\">\n\t\t\t\t<h5 class=\"elementor-post__title\">\n\t\t\t<a href=\"https:\/\/lawandcorp.com\/index.php\/2023\/02\/02\/legend-un-epico-cortometraje-de-dragon-ball\/\" >\n\t\t\t\t\u00abLEGEND\u00bb: UN \u00c9PICO CORTOMETRAJE DE DRAGON BALL\t\t\t<\/a>\n\t\t<\/h5>\n\t\t\t\t<div class=\"elementor-post__meta-data\">\n\t\t\t\t\t<span class=\"elementor-post-author\">\n\t\t\tLAW &#38; CORP\t\t<\/span>\n\t\t\t\t<span class=\"elementor-post-date\">\n\t\t\t2 de febrero de 2023\t\t<\/span>\n\t\t\t\t<span class=\"elementor-post-avatar\">\n\t\t\tNo hay comentarios\t\t<\/span>\n\t\t\t\t<\/div>\n\t\t\t\t<div class=\"elementor-post__excerpt\">\n\t\t\t<p>\u00bfQu\u00e9 suceder\u00eda si juntas algo tan \u00e9pico como AKIRA con el universo de DRAGON BALL? La respuesta es LEGEND. Este es un FAN-FILM creado sin<\/p>\n\t\t<\/div>\n\t\t\n\t\t<a class=\"elementor-post__read-more\" href=\"https:\/\/lawandcorp.com\/index.php\/2023\/02\/02\/legend-un-epico-cortometraje-de-dragon-ball\/\" aria-label=\"M\u00e1s informaci\u00f3n sobre \u00abLEGEND\u00bb: UN \u00c9PICO CORTOMETRAJE DE DRAGON BALL\" tabindex=\"-1\" >\n\t\t\tLeer m\u00e1s \u00bb\t\t<\/a>\n\n\t\t\t\t<\/div>\n\t\t\t\t<\/article>\n\t\t\t\t<article class=\"elementor-post elementor-grid-item post-2253 post type-post status-publish format-standard has-post-thumbnail hentry category-entretenimiento category-peliculas tag-cine tag-cinema tag-cinepolis tag-evil-dead tag-horror tag-horror-movie tag-horror-movie-2023 tag-horror-movies tag-horror-movies-2023 tag-peliculas-de-terror tag-peliculas-de-terror-2023 tag-terror tag-trend tag-trending tag-trending-movie tag-trending-topic tag-trending-topics tag-trending-topik tag-trending-topiks tag-trends tag-warner-bros\">\n\t\t\t\t<a class=\"elementor-post__thumbnail__link\" href=\"https:\/\/lawandcorp.com\/index.php\/2023\/01\/04\/evil-dead-rise-terrorifico-trailer-oficial\/\" tabindex=\"-1\" >\n\t\t\t<div class=\"elementor-post__thumbnail\"><img loading=\"lazy\" decoding=\"async\" width=\"1024\" height=\"537\" src=\"https:\/\/i0.wp.com\/lawandcorp.com\/wp-content\/uploads\/2023\/01\/tw-38219.jpg?fit=1024%2C537&amp;ssl=1\" class=\"attachment-large size-large wp-image-2254\" alt=\"\" srcset=\"https:\/\/i0.wp.com\/lawandcorp.com\/wp-content\/uploads\/2023\/01\/tw-38219.jpg?w=1065&amp;ssl=1 1065w, https:\/\/i0.wp.com\/lawandcorp.com\/wp-content\/uploads\/2023\/01\/tw-38219.jpg?resize=300%2C157&amp;ssl=1 300w, https:\/\/i0.wp.com\/lawandcorp.com\/wp-content\/uploads\/2023\/01\/tw-38219.jpg?resize=1024%2C537&amp;ssl=1 1024w, https:\/\/i0.wp.com\/lawandcorp.com\/wp-content\/uploads\/2023\/01\/tw-38219.jpg?resize=768%2C403&amp;ssl=1 768w\" sizes=\"(max-width: 1000px) 100vw, 1000px\" \/><\/div>\n\t\t<\/a>\n\t\t\t\t<div class=\"elementor-post__text\">\n\t\t\t\t<h5 class=\"elementor-post__title\">\n\t\t\t<a href=\"https:\/\/lawandcorp.com\/index.php\/2023\/01\/04\/evil-dead-rise-terrorifico-trailer-oficial\/\" >\n\t\t\t\tEVIL DEAD RISE &#8211; \u00a1TERROR\u00cdFICO TRAILER OFICIAL!\t\t\t<\/a>\n\t\t<\/h5>\n\t\t\t\t<div class=\"elementor-post__meta-data\">\n\t\t\t\t\t<span class=\"elementor-post-author\">\n\t\t\tLAW &#38; CORP\t\t<\/span>\n\t\t\t\t<span class=\"elementor-post-date\">\n\t\t\t4 de enero de 2023\t\t<\/span>\n\t\t\t\t<span class=\"elementor-post-avatar\">\n\t\t\tNo hay comentarios\t\t<\/span>\n\t\t\t\t<\/div>\n\t\t\t\t<div class=\"elementor-post__excerpt\">\n\t\t\t<p>El d\u00eda de hoy, se public\u00f3 un nuevo trailer de la pr\u00f3xima secuela de la saga de \u00a1EVIL DEAD!, la cual lleva por T\u00edtulo \u00abEVIL<\/p>\n\t\t<\/div>\n\t\t\n\t\t<a class=\"elementor-post__read-more\" href=\"https:\/\/lawandcorp.com\/index.php\/2023\/01\/04\/evil-dead-rise-terrorifico-trailer-oficial\/\" aria-label=\"M\u00e1s informaci\u00f3n sobre EVIL DEAD RISE &#8211; \u00a1TERROR\u00cdFICO TRAILER OFICIAL!\" tabindex=\"-1\" >\n\t\t\tLeer m\u00e1s \u00bb\t\t<\/a>\n\n\t\t\t\t<\/div>\n\t\t\t\t<\/article>\n\t\t\t\t<\/div>\n\t\t\t\t\t<span class=\"e-load-more-spinner\">\n\t\t\t\t<i aria-hidden=\"true\" class=\"fas fa-spinner\"><\/i>\t\t\t<\/span>\n\t\t\n\t\t\t\t<div class=\"e-load-more-anchor\" data-page=\"1\" data-max-page=\"4\" data-next-page=\"https:\/\/lawandcorp.com\/index.php\/wp-json\/wp\/v2\/pages\/1647\/page\/2\/\"><\/div>\n\t\t\t\t<div class=\"e-load-more-message\"><\/div>\n\t\t\t\t\t\t<\/div>\n\t\t\t\t<\/div>\n\t\t\t\t\t<\/div>\n\t\t<\/div>\n\t\t\t\t\t<\/div>\n\t\t<\/section>\n\t\t\t\t<\/div>\n\t\t","protected":false},"excerpt":{"rendered":"","protected":false},"author":1,"featured_media":0,"parent":0,"menu_order":0,"comment_status":"closed","ping_status":"closed","template":"","meta":{"om_disable_all_campaigns":false,"_monsterinsights_skip_tracking":false,"_monsterinsights_sitenote_active":false,"_monsterinsights_sitenote_note":"","_monsterinsights_sitenote_category":0,"site-sidebar-layout":"no-sidebar","site-content-layout":"page-builder","ast-main-header-display":"","ast-hfb-above-header-display":"","ast-hfb-below-header-display":"","ast-hfb-mobile-header-display":"","site-post-title":"disabled","ast-breadcrumbs-content":"","ast-featured-img":"disabled","footer-sml-layout":"","theme-transparent-header-meta":"","adv-header-id-meta":"","stick-header-meta":"","header-above-stick-meta":"","header-main-stick-meta":"","header-below-stick-meta":"","footnotes":""},"class_list":["post-1647","page","type-page","status-publish","hentry"],"aioseo_notices":[],"jetpack_sharing_enabled":true,"jetpack-related-posts":[],"_links":{"self":[{"href":"https:\/\/lawandcorp.com\/index.php\/wp-json\/wp\/v2\/pages\/1647","targetHints":{"allow":["GET"]}}],"collection":[{"href":"https:\/\/lawandcorp.com\/index.php\/wp-json\/wp\/v2\/pages"}],"about":[{"href":"https:\/\/lawandcorp.com\/index.php\/wp-json\/wp\/v2\/types\/page"}],"author":[{"embeddable":true,"href":"https:\/\/lawandcorp.com\/index.php\/wp-json\/wp\/v2\/users\/1"}],"replies":[{"embeddable":true,"href":"https:\/\/lawandcorp.com\/index.php\/wp-json\/wp\/v2\/comments?post=1647"}],"version-history":[{"count":7,"href":"https:\/\/lawandcorp.com\/index.php\/wp-json\/wp\/v2\/pages\/1647\/revisions"}],"predecessor-version":[{"id":1679,"href":"https:\/\/lawandcorp.com\/index.php\/wp-json\/wp\/v2\/pages\/1647\/revisions\/1679"}],"wp:attachment":[{"href":"https:\/\/lawandcorp.com\/index.php\/wp-json\/wp\/v2\/media?parent=1647"}],"curies":[{"name":"wp","href":"https:\/\/api.w.org\/{rel}","templated":true}]}}