{"id":1650,"date":"2022-08-27T23:23:16","date_gmt":"2022-08-28T04:23:16","guid":{"rendered":"https:\/\/lawandcorp.com\/?page_id=1650"},"modified":"2022-08-27T23:37:32","modified_gmt":"2022-08-28T04:37:32","slug":"psicologia","status":"publish","type":"page","link":"https:\/\/lawandcorp.com\/index.php\/psicologia\/","title":{"rendered":"Psicolog\u00eda"},"content":{"rendered":"\t\t<div data-elementor-type=\"wp-page\" data-elementor-id=\"1650\" class=\"elementor elementor-1650\" data-elementor-post-type=\"page\">\n\t\t\t\t\t\t<section class=\"elementor-section elementor-top-section elementor-element elementor-element-e9c5a26 elementor-section-boxed elementor-section-height-default elementor-section-height-default\" data-id=\"e9c5a26\" data-element_type=\"section\">\n\t\t\t\t\t\t<div class=\"elementor-container elementor-column-gap-default\">\n\t\t\t\t\t<div class=\"elementor-column elementor-col-100 elementor-top-column elementor-element elementor-element-11aa691\" data-id=\"11aa691\" data-element_type=\"column\">\n\t\t\t<div class=\"elementor-widget-wrap elementor-element-populated\">\n\t\t\t\t\t\t<div class=\"elementor-element elementor-element-d12a6a5 elementor-grid-6 elementor-grid-tablet-2 elementor-grid-mobile-1 elementor-posts--thumbnail-top elementor-posts--show-avatar elementor-card-shadow-yes elementor-posts__hover-gradient elementor-widget elementor-widget-posts\" data-id=\"d12a6a5\" data-element_type=\"widget\" data-settings=\"{&quot;cards_columns&quot;:&quot;6&quot;,&quot;cards_masonry&quot;:&quot;yes&quot;,&quot;pagination_type&quot;:&quot;load_more_infinite_scroll&quot;,&quot;cards_columns_tablet&quot;:&quot;2&quot;,&quot;cards_columns_mobile&quot;:&quot;1&quot;,&quot;cards_row_gap&quot;:{&quot;unit&quot;:&quot;px&quot;,&quot;size&quot;:35,&quot;sizes&quot;:[]},&quot;cards_row_gap_tablet&quot;:{&quot;unit&quot;:&quot;px&quot;,&quot;size&quot;:&quot;&quot;,&quot;sizes&quot;:[]},&quot;cards_row_gap_mobile&quot;:{&quot;unit&quot;:&quot;px&quot;,&quot;size&quot;:&quot;&quot;,&quot;sizes&quot;:[]},&quot;load_more_spinner&quot;:{&quot;value&quot;:&quot;fas fa-spinner&quot;,&quot;library&quot;:&quot;fa-solid&quot;}}\" data-widget_type=\"posts.cards\">\n\t\t\t\t<div class=\"elementor-widget-container\">\n\t\t\t\t\t\t\t<div class=\"elementor-posts-container elementor-posts elementor-posts--skin-cards elementor-grid\">\n\t\t\t\t<article class=\"elementor-post elementor-grid-item post-3139 post type-post status-publish format-standard has-post-thumbnail hentry category-todos-los-articulos category-derecho category-psicologia tag-abogado tag-abogados tag-derecho tag-derecho-civil tag-derecho-de-familia tag-derecho-familiar tag-law-corp tag-law-and-corp tag-mexico tag-michoacan tag-morelia tag-trending\">\n\t\t\t<div class=\"elementor-post__card\">\n\t\t\t\t<a class=\"elementor-post__thumbnail__link\" href=\"https:\/\/lawandcorp.com\/index.php\/2025\/08\/05\/me-divorcio-o-sigo-una-metafora-para-cambiar-tu-vision\/\" tabindex=\"-1\" ><div class=\"elementor-post__thumbnail\"><img fetchpriority=\"high\" decoding=\"async\" width=\"300\" height=\"200\" src=\"https:\/\/i0.wp.com\/lawandcorp.com\/wp-content\/uploads\/2025\/05\/PARA-ARTICULO-DE-LAW-CORP-scaled.jpg?fit=300%2C200&amp;ssl=1\" class=\"attachment-medium size-medium wp-image-3061\" alt=\"\" srcset=\"https:\/\/i0.wp.com\/lawandcorp.com\/wp-content\/uploads\/2025\/05\/PARA-ARTICULO-DE-LAW-CORP-scaled.jpg?w=2560&amp;ssl=1 2560w, https:\/\/i0.wp.com\/lawandcorp.com\/wp-content\/uploads\/2025\/05\/PARA-ARTICULO-DE-LAW-CORP-scaled.jpg?resize=300%2C200&amp;ssl=1 300w, https:\/\/i0.wp.com\/lawandcorp.com\/wp-content\/uploads\/2025\/05\/PARA-ARTICULO-DE-LAW-CORP-scaled.jpg?resize=1024%2C683&amp;ssl=1 1024w, https:\/\/i0.wp.com\/lawandcorp.com\/wp-content\/uploads\/2025\/05\/PARA-ARTICULO-DE-LAW-CORP-scaled.jpg?resize=768%2C512&amp;ssl=1 768w, https:\/\/i0.wp.com\/lawandcorp.com\/wp-content\/uploads\/2025\/05\/PARA-ARTICULO-DE-LAW-CORP-scaled.jpg?resize=1536%2C1025&amp;ssl=1 1536w, https:\/\/i0.wp.com\/lawandcorp.com\/wp-content\/uploads\/2025\/05\/PARA-ARTICULO-DE-LAW-CORP-scaled.jpg?resize=2048%2C1367&amp;ssl=1 2048w\" sizes=\"(max-width: 300px) 100vw, 300px\" \/><\/div><\/a>\n\t\t\t\t<div class=\"elementor-post__avatar\">\n\t\t\t<img alt='DANIEL ALEJANDRO MAGA\u00d1A URBINA' src='https:\/\/secure.gravatar.com\/avatar\/476d876a1456f537b4d424549e4c5c95f213ccedd25e2b92793b2ba17db009d0?s=128&#038;d=mm&#038;r=g' srcset='https:\/\/secure.gravatar.com\/avatar\/476d876a1456f537b4d424549e4c5c95f213ccedd25e2b92793b2ba17db009d0?s=256&#038;d=mm&#038;r=g 2x' class='avatar avatar-128 photo' height='128' width='128' \/>\t\t<\/div>\n\t\t\t\t<div class=\"elementor-post__text\">\n\t\t\t\t<h5 class=\"elementor-post__title\">\n\t\t\t<a href=\"https:\/\/lawandcorp.com\/index.php\/2025\/08\/05\/me-divorcio-o-sigo-una-metafora-para-cambiar-tu-vision\/\" >\n\t\t\t\t\u00bfME DIVORCIO O SIGO? UNA MET\u00c1FORA PARA CAMBIAR TU VISI\u00d3N.\t\t\t<\/a>\n\t\t<\/h5>\n\t\t\n\t\t<a class=\"elementor-post__read-more\" href=\"https:\/\/lawandcorp.com\/index.php\/2025\/08\/05\/me-divorcio-o-sigo-una-metafora-para-cambiar-tu-vision\/\" aria-label=\"M\u00e1s informaci\u00f3n sobre \u00bfME DIVORCIO O SIGO? UNA MET\u00c1FORA PARA CAMBIAR TU VISI\u00d3N.\" tabindex=\"-1\" >\n\t\t\tLeer m\u00e1s \u00bb\t\t<\/a>\n\n\t\t\t\t<\/div>\n\t\t\t\t<div class=\"elementor-post__meta-data\">\n\t\t\t\t\t<span class=\"elementor-post-author\">\n\t\t\tDANIEL ALEJANDRO MAGA\u00d1A URBINA\t\t<\/span>\n\t\t\t\t<span class=\"elementor-post-date\">\n\t\t\t5 de agosto de 2025\t\t<\/span>\n\t\t\t\t<\/div>\n\t\t\t\t\t<\/div>\n\t\t<\/article>\n\t\t\t\t<article class=\"elementor-post elementor-grid-item post-3014 post type-post status-publish format-standard has-post-thumbnail hentry category-todos-los-articulos category-corporacion category-psicologia tag-corporacion tag-derecho-laboral tag-justicia-laboral tag-law-corp tag-law-and-corp tag-mexico tag-nuevo-sistema-de-justicia-laboral tag-psicologia tag-psicologo tag-psicologos tag-psicoterapia tag-reforma-laboral tag-relacion-laboral tag-relaciones-laborales tag-salud tag-salud-mental tag-sistema-de-justicia-laboral tag-trending tag-trending-topic\">\n\t\t\t<div class=\"elementor-post__card\">\n\t\t\t\t<a class=\"elementor-post__thumbnail__link\" href=\"https:\/\/lawandcorp.com\/index.php\/2024\/12\/14\/estres-laboral\/\" tabindex=\"-1\" ><div class=\"elementor-post__thumbnail\"><img decoding=\"async\" width=\"300\" height=\"202\" src=\"https:\/\/i0.wp.com\/lawandcorp.com\/wp-content\/uploads\/2024\/12\/shot-of-a-young-businessman-feeling-stressed-out-i-2023-11-27-05-10-14-utc-min-scaled.jpg?fit=300%2C202&amp;ssl=1\" class=\"attachment-medium size-medium wp-image-3016\" alt=\"\" srcset=\"https:\/\/i0.wp.com\/lawandcorp.com\/wp-content\/uploads\/2024\/12\/shot-of-a-young-businessman-feeling-stressed-out-i-2023-11-27-05-10-14-utc-min-scaled.jpg?w=2560&amp;ssl=1 2560w, https:\/\/i0.wp.com\/lawandcorp.com\/wp-content\/uploads\/2024\/12\/shot-of-a-young-businessman-feeling-stressed-out-i-2023-11-27-05-10-14-utc-min-scaled.jpg?resize=300%2C202&amp;ssl=1 300w, https:\/\/i0.wp.com\/lawandcorp.com\/wp-content\/uploads\/2024\/12\/shot-of-a-young-businessman-feeling-stressed-out-i-2023-11-27-05-10-14-utc-min-scaled.jpg?resize=1024%2C690&amp;ssl=1 1024w, https:\/\/i0.wp.com\/lawandcorp.com\/wp-content\/uploads\/2024\/12\/shot-of-a-young-businessman-feeling-stressed-out-i-2023-11-27-05-10-14-utc-min-scaled.jpg?resize=768%2C517&amp;ssl=1 768w, https:\/\/i0.wp.com\/lawandcorp.com\/wp-content\/uploads\/2024\/12\/shot-of-a-young-businessman-feeling-stressed-out-i-2023-11-27-05-10-14-utc-min-scaled.jpg?resize=1536%2C1035&amp;ssl=1 1536w, https:\/\/i0.wp.com\/lawandcorp.com\/wp-content\/uploads\/2024\/12\/shot-of-a-young-businessman-feeling-stressed-out-i-2023-11-27-05-10-14-utc-min-scaled.jpg?resize=2048%2C1380&amp;ssl=1 2048w\" sizes=\"(max-width: 300px) 100vw, 300px\" \/><\/div><\/a>\n\t\t\t\t<div class=\"elementor-post__avatar\">\n\t\t\t<img alt='CLAUDIA GONZ\u00c1LEZ RODR\u00cdGUEZ' src='https:\/\/secure.gravatar.com\/avatar\/92175f81d68a9800f71c5d1c0559895ad7a47ae0a9b96c15e354f20059de65a8?s=128&#038;d=mm&#038;r=g' srcset='https:\/\/secure.gravatar.com\/avatar\/92175f81d68a9800f71c5d1c0559895ad7a47ae0a9b96c15e354f20059de65a8?s=256&#038;d=mm&#038;r=g 2x' class='avatar avatar-128 photo' height='128' width='128' \/>\t\t<\/div>\n\t\t\t\t<div class=\"elementor-post__text\">\n\t\t\t\t<h5 class=\"elementor-post__title\">\n\t\t\t<a href=\"https:\/\/lawandcorp.com\/index.php\/2024\/12\/14\/estres-laboral\/\" >\n\t\t\t\tESTR\u00c9S LABORAL\t\t\t<\/a>\n\t\t<\/h5>\n\t\t\n\t\t<a class=\"elementor-post__read-more\" href=\"https:\/\/lawandcorp.com\/index.php\/2024\/12\/14\/estres-laboral\/\" aria-label=\"M\u00e1s informaci\u00f3n sobre ESTR\u00c9S LABORAL\" tabindex=\"-1\" >\n\t\t\tLeer m\u00e1s \u00bb\t\t<\/a>\n\n\t\t\t\t<\/div>\n\t\t\t\t<div class=\"elementor-post__meta-data\">\n\t\t\t\t\t<span class=\"elementor-post-author\">\n\t\t\tCLAUDIA GONZ\u00c1LEZ RODR\u00cdGUEZ\t\t<\/span>\n\t\t\t\t<span class=\"elementor-post-date\">\n\t\t\t14 de diciembre de 2024\t\t<\/span>\n\t\t\t\t<\/div>\n\t\t\t\t\t<\/div>\n\t\t<\/article>\n\t\t\t\t<article class=\"elementor-post elementor-grid-item post-2996 post type-post status-publish format-standard has-post-thumbnail hentry category-todos-los-articulos category-derecho category-psicologia tag-amparo tag-delitos tag-derecho tag-derecho-civil tag-derecho-de-familia tag-derecho-familiar tag-derecho-penal tag-familia tag-law-corp tag-law-and-corp tag-menores tag-mexico tag-mujer tag-pjf tag-poder-judicial tag-scjn tag-sentencia tag-trending tag-trending-topic tag-violencia-vicaria\">\n\t\t\t<div class=\"elementor-post__card\">\n\t\t\t\t<a class=\"elementor-post__thumbnail__link\" href=\"https:\/\/lawandcorp.com\/index.php\/2024\/12\/01\/violencia-vicaria-te-voy-a-dar-donde-mas-te-duele\/\" tabindex=\"-1\" ><div class=\"elementor-post__thumbnail\"><img decoding=\"async\" width=\"300\" height=\"200\" src=\"https:\/\/i0.wp.com\/lawandcorp.com\/wp-content\/uploads\/2024\/12\/stop-violence-against-children-2023-11-27-05-06-00-utc-min-scaled.jpg?fit=300%2C200&amp;ssl=1\" class=\"attachment-medium size-medium wp-image-2997\" alt=\"\" srcset=\"https:\/\/i0.wp.com\/lawandcorp.com\/wp-content\/uploads\/2024\/12\/stop-violence-against-children-2023-11-27-05-06-00-utc-min-scaled.jpg?w=2560&amp;ssl=1 2560w, https:\/\/i0.wp.com\/lawandcorp.com\/wp-content\/uploads\/2024\/12\/stop-violence-against-children-2023-11-27-05-06-00-utc-min-scaled.jpg?resize=300%2C200&amp;ssl=1 300w, https:\/\/i0.wp.com\/lawandcorp.com\/wp-content\/uploads\/2024\/12\/stop-violence-against-children-2023-11-27-05-06-00-utc-min-scaled.jpg?resize=1024%2C683&amp;ssl=1 1024w, https:\/\/i0.wp.com\/lawandcorp.com\/wp-content\/uploads\/2024\/12\/stop-violence-against-children-2023-11-27-05-06-00-utc-min-scaled.jpg?resize=768%2C512&amp;ssl=1 768w, https:\/\/i0.wp.com\/lawandcorp.com\/wp-content\/uploads\/2024\/12\/stop-violence-against-children-2023-11-27-05-06-00-utc-min-scaled.jpg?resize=1536%2C1024&amp;ssl=1 1536w, https:\/\/i0.wp.com\/lawandcorp.com\/wp-content\/uploads\/2024\/12\/stop-violence-against-children-2023-11-27-05-06-00-utc-min-scaled.jpg?resize=2048%2C1365&amp;ssl=1 2048w\" sizes=\"(max-width: 300px) 100vw, 300px\" \/><\/div><\/a>\n\t\t\t\t<div class=\"elementor-post__avatar\">\n\t\t\t<img alt='ESTHER ERIZBETH L\u00d3PEZ ESCOBAR' src='https:\/\/secure.gravatar.com\/avatar\/e82b60b6c1a766daf955263659bf123736ff4f70ae84f9cef02e53b976b21f79?s=128&#038;d=mm&#038;r=g' srcset='https:\/\/secure.gravatar.com\/avatar\/e82b60b6c1a766daf955263659bf123736ff4f70ae84f9cef02e53b976b21f79?s=256&#038;d=mm&#038;r=g 2x' class='avatar avatar-128 photo' height='128' width='128' \/>\t\t<\/div>\n\t\t\t\t<div class=\"elementor-post__text\">\n\t\t\t\t<h5 class=\"elementor-post__title\">\n\t\t\t<a href=\"https:\/\/lawandcorp.com\/index.php\/2024\/12\/01\/violencia-vicaria-te-voy-a-dar-donde-mas-te-duele\/\" >\n\t\t\t\tVIOLENCIA VICARIA: \u00abTE VOY A DAR DONDE M\u00c1S TE DUELE\u00bb\t\t\t<\/a>\n\t\t<\/h5>\n\t\t\n\t\t<a class=\"elementor-post__read-more\" href=\"https:\/\/lawandcorp.com\/index.php\/2024\/12\/01\/violencia-vicaria-te-voy-a-dar-donde-mas-te-duele\/\" aria-label=\"M\u00e1s informaci\u00f3n sobre VIOLENCIA VICARIA: \u00abTE VOY A DAR DONDE M\u00c1S TE DUELE\u00bb\" tabindex=\"-1\" >\n\t\t\tLeer m\u00e1s \u00bb\t\t<\/a>\n\n\t\t\t\t<\/div>\n\t\t\t\t<div class=\"elementor-post__meta-data\">\n\t\t\t\t\t<span class=\"elementor-post-author\">\n\t\t\tESTHER ERIZBETH L\u00d3PEZ ESCOBAR\t\t<\/span>\n\t\t\t\t<span class=\"elementor-post-date\">\n\t\t\t1 de diciembre de 2024\t\t<\/span>\n\t\t\t\t<\/div>\n\t\t\t\t\t<\/div>\n\t\t<\/article>\n\t\t\t\t<article class=\"elementor-post elementor-grid-item post-2973 post type-post status-publish format-standard has-post-thumbnail hentry category-todos-los-articulos category-corporacion category-derecho category-psicologia tag-abogado tag-abogados tag-derecho tag-derecho-del-trabajo tag-derecho-fiscal tag-derecho-laboral tag-derecho-penal tag-empresa tag-empresas tag-entretenimiento tag-justicia-laboral tag-law-corp tag-law-and-corp tag-mexico tag-negocios tag-nuevo-sistema-de-justicia-laboral tag-psicologia tag-trending tag-trending-topic tag-trends\">\n\t\t\t<div class=\"elementor-post__card\">\n\t\t\t\t<a class=\"elementor-post__thumbnail__link\" href=\"https:\/\/lawandcorp.com\/index.php\/2024\/11\/16\/personas-chiquitas-en-puestos-grandes\/\" tabindex=\"-1\" ><div class=\"elementor-post__thumbnail\"><img loading=\"lazy\" decoding=\"async\" width=\"300\" height=\"200\" src=\"https:\/\/i0.wp.com\/lawandcorp.com\/wp-content\/uploads\/2024\/11\/angry-senior-businessman-sitting-at-his-desk-and-s-2024-02-06-14-24-36-utc-min-scaled.jpg?fit=300%2C200&amp;ssl=1\" class=\"attachment-medium size-medium wp-image-2977\" alt=\"\" srcset=\"https:\/\/i0.wp.com\/lawandcorp.com\/wp-content\/uploads\/2024\/11\/angry-senior-businessman-sitting-at-his-desk-and-s-2024-02-06-14-24-36-utc-min-scaled.jpg?w=2560&amp;ssl=1 2560w, https:\/\/i0.wp.com\/lawandcorp.com\/wp-content\/uploads\/2024\/11\/angry-senior-businessman-sitting-at-his-desk-and-s-2024-02-06-14-24-36-utc-min-scaled.jpg?resize=300%2C200&amp;ssl=1 300w, https:\/\/i0.wp.com\/lawandcorp.com\/wp-content\/uploads\/2024\/11\/angry-senior-businessman-sitting-at-his-desk-and-s-2024-02-06-14-24-36-utc-min-scaled.jpg?resize=1024%2C681&amp;ssl=1 1024w, https:\/\/i0.wp.com\/lawandcorp.com\/wp-content\/uploads\/2024\/11\/angry-senior-businessman-sitting-at-his-desk-and-s-2024-02-06-14-24-36-utc-min-scaled.jpg?resize=768%2C511&amp;ssl=1 768w, https:\/\/i0.wp.com\/lawandcorp.com\/wp-content\/uploads\/2024\/11\/angry-senior-businessman-sitting-at-his-desk-and-s-2024-02-06-14-24-36-utc-min-scaled.jpg?resize=1536%2C1022&amp;ssl=1 1536w, https:\/\/i0.wp.com\/lawandcorp.com\/wp-content\/uploads\/2024\/11\/angry-senior-businessman-sitting-at-his-desk-and-s-2024-02-06-14-24-36-utc-min-scaled.jpg?resize=2048%2C1363&amp;ssl=1 2048w\" sizes=\"(max-width: 300px) 100vw, 300px\" \/><\/div><\/a>\n\t\t\t\t<div class=\"elementor-post__avatar\">\n\t\t\t<img alt='DANIEL ALEJANDRO MAGA\u00d1A URBINA' src='https:\/\/secure.gravatar.com\/avatar\/476d876a1456f537b4d424549e4c5c95f213ccedd25e2b92793b2ba17db009d0?s=128&#038;d=mm&#038;r=g' srcset='https:\/\/secure.gravatar.com\/avatar\/476d876a1456f537b4d424549e4c5c95f213ccedd25e2b92793b2ba17db009d0?s=256&#038;d=mm&#038;r=g 2x' class='avatar avatar-128 photo' height='128' width='128' \/>\t\t<\/div>\n\t\t\t\t<div class=\"elementor-post__text\">\n\t\t\t\t<h5 class=\"elementor-post__title\">\n\t\t\t<a href=\"https:\/\/lawandcorp.com\/index.php\/2024\/11\/16\/personas-chiquitas-en-puestos-grandes\/\" >\n\t\t\t\tPERSONAS CHIQUITAS EN PUESTOS GRANDES\t\t\t<\/a>\n\t\t<\/h5>\n\t\t\n\t\t<a class=\"elementor-post__read-more\" href=\"https:\/\/lawandcorp.com\/index.php\/2024\/11\/16\/personas-chiquitas-en-puestos-grandes\/\" aria-label=\"M\u00e1s informaci\u00f3n sobre PERSONAS CHIQUITAS EN PUESTOS GRANDES\" tabindex=\"-1\" >\n\t\t\tLeer m\u00e1s \u00bb\t\t<\/a>\n\n\t\t\t\t<\/div>\n\t\t\t\t<div class=\"elementor-post__meta-data\">\n\t\t\t\t\t<span class=\"elementor-post-author\">\n\t\t\tDANIEL ALEJANDRO MAGA\u00d1A URBINA\t\t<\/span>\n\t\t\t\t<span class=\"elementor-post-date\">\n\t\t\t16 de noviembre de 2024\t\t<\/span>\n\t\t\t\t<\/div>\n\t\t\t\t\t<\/div>\n\t\t<\/article>\n\t\t\t\t<article class=\"elementor-post elementor-grid-item post-2705 post type-post status-publish format-standard has-post-thumbnail hentry category-todos-los-articulos category-derecho category-psicologia tag-abogado tag-abogados tag-derecho tag-derecho-civil tag-derecho-familiar tag-entretenimiento tag-law-corp tag-law-and-corp tag-mexico tag-podcast tag-podcast-mexico tag-scjn tag-trending tag-trending-topic tag-trends\">\n\t\t\t<div class=\"elementor-post__card\">\n\t\t\t\t<a class=\"elementor-post__thumbnail__link\" href=\"https:\/\/lawandcorp.com\/index.php\/2023\/07\/30\/violencia-familiar-te-pego-porque-te-quiero\/\" tabindex=\"-1\" ><div class=\"elementor-post__thumbnail\"><img loading=\"lazy\" decoding=\"async\" width=\"300\" height=\"113\" src=\"https:\/\/i0.wp.com\/lawandcorp.com\/wp-content\/uploads\/2023\/07\/Mesa-de-trabajo-1-50.jpg?fit=300%2C113&amp;ssl=1\" class=\"attachment-medium size-medium wp-image-2707\" alt=\"\" srcset=\"https:\/\/i0.wp.com\/lawandcorp.com\/wp-content\/uploads\/2023\/07\/Mesa-de-trabajo-1-50.jpg?w=1524&amp;ssl=1 1524w, https:\/\/i0.wp.com\/lawandcorp.com\/wp-content\/uploads\/2023\/07\/Mesa-de-trabajo-1-50.jpg?resize=300%2C113&amp;ssl=1 300w, https:\/\/i0.wp.com\/lawandcorp.com\/wp-content\/uploads\/2023\/07\/Mesa-de-trabajo-1-50.jpg?resize=1024%2C386&amp;ssl=1 1024w, https:\/\/i0.wp.com\/lawandcorp.com\/wp-content\/uploads\/2023\/07\/Mesa-de-trabajo-1-50.jpg?resize=768%2C290&amp;ssl=1 768w\" sizes=\"(max-width: 300px) 100vw, 300px\" \/><\/div><\/a>\n\t\t\t\t<div class=\"elementor-post__avatar\">\n\t\t\t<img alt='DANIEL ALEJANDRO MAGA\u00d1A URBINA' src='https:\/\/secure.gravatar.com\/avatar\/476d876a1456f537b4d424549e4c5c95f213ccedd25e2b92793b2ba17db009d0?s=128&#038;d=mm&#038;r=g' srcset='https:\/\/secure.gravatar.com\/avatar\/476d876a1456f537b4d424549e4c5c95f213ccedd25e2b92793b2ba17db009d0?s=256&#038;d=mm&#038;r=g 2x' class='avatar avatar-128 photo' height='128' width='128' \/>\t\t<\/div>\n\t\t\t\t<div class=\"elementor-post__text\">\n\t\t\t\t<h5 class=\"elementor-post__title\">\n\t\t\t<a href=\"https:\/\/lawandcorp.com\/index.php\/2023\/07\/30\/violencia-familiar-te-pego-porque-te-quiero\/\" >\n\t\t\t\tVIOLENCIA FAMILIAR: \u00abTE PEGO PORQUE TE QUIERO\u00bb\t\t\t<\/a>\n\t\t<\/h5>\n\t\t\n\t\t<a class=\"elementor-post__read-more\" href=\"https:\/\/lawandcorp.com\/index.php\/2023\/07\/30\/violencia-familiar-te-pego-porque-te-quiero\/\" aria-label=\"M\u00e1s informaci\u00f3n sobre VIOLENCIA FAMILIAR: \u00abTE PEGO PORQUE TE QUIERO\u00bb\" tabindex=\"-1\" >\n\t\t\tLeer m\u00e1s \u00bb\t\t<\/a>\n\n\t\t\t\t<\/div>\n\t\t\t\t<div class=\"elementor-post__meta-data\">\n\t\t\t\t\t<span class=\"elementor-post-author\">\n\t\t\tDANIEL ALEJANDRO MAGA\u00d1A URBINA\t\t<\/span>\n\t\t\t\t<span class=\"elementor-post-date\">\n\t\t\t30 de julio de 2023\t\t<\/span>\n\t\t\t\t<\/div>\n\t\t\t\t\t<\/div>\n\t\t<\/article>\n\t\t\t\t<article class=\"elementor-post elementor-grid-item post-1627 post type-post status-publish format-standard has-post-thumbnail hentry category-todos-los-articulos category-psicologia tag-ciencia tag-consultorios tag-derecho tag-emprendimiento tag-empresa tag-law-corp tag-law-and-corp tag-medicina tag-mexico tag-psicologia tag-psicologo tag-psicologos tag-psicoterapia tag-salud tag-salud-mental tag-suicidio tag-terapia\">\n\t\t\t<div class=\"elementor-post__card\">\n\t\t\t\t<a class=\"elementor-post__thumbnail__link\" href=\"https:\/\/lawandcorp.com\/index.php\/2022\/08\/27\/algunos-mitos-de-la-psicoterapia\/\" tabindex=\"-1\" ><div class=\"elementor-post__thumbnail\"><img loading=\"lazy\" decoding=\"async\" width=\"300\" height=\"169\" src=\"https:\/\/i0.wp.com\/lawandcorp.com\/wp-content\/uploads\/2022\/08\/Mesa-de-trabajo-1.jpg?fit=300%2C169&amp;ssl=1\" class=\"attachment-medium size-medium wp-image-1699\" alt=\"\" srcset=\"https:\/\/i0.wp.com\/lawandcorp.com\/wp-content\/uploads\/2022\/08\/Mesa-de-trabajo-1.jpg?w=1920&amp;ssl=1 1920w, https:\/\/i0.wp.com\/lawandcorp.com\/wp-content\/uploads\/2022\/08\/Mesa-de-trabajo-1.jpg?resize=300%2C169&amp;ssl=1 300w, https:\/\/i0.wp.com\/lawandcorp.com\/wp-content\/uploads\/2022\/08\/Mesa-de-trabajo-1.jpg?resize=1024%2C576&amp;ssl=1 1024w, https:\/\/i0.wp.com\/lawandcorp.com\/wp-content\/uploads\/2022\/08\/Mesa-de-trabajo-1.jpg?resize=768%2C432&amp;ssl=1 768w, https:\/\/i0.wp.com\/lawandcorp.com\/wp-content\/uploads\/2022\/08\/Mesa-de-trabajo-1.jpg?resize=1536%2C864&amp;ssl=1 1536w\" sizes=\"(max-width: 300px) 100vw, 300px\" \/><\/div><\/a>\n\t\t\t\t<div class=\"elementor-post__avatar\">\n\t\t\t<img alt='SONIA DE JES\u00daS QUEZADA' src='https:\/\/secure.gravatar.com\/avatar\/97d8c98472ccd64b67de12d46153e37f3b97462415399d5d5837294321a12c20?s=128&#038;d=mm&#038;r=g' srcset='https:\/\/secure.gravatar.com\/avatar\/97d8c98472ccd64b67de12d46153e37f3b97462415399d5d5837294321a12c20?s=256&#038;d=mm&#038;r=g 2x' class='avatar avatar-128 photo' height='128' width='128' \/>\t\t<\/div>\n\t\t\t\t<div class=\"elementor-post__text\">\n\t\t\t\t<h5 class=\"elementor-post__title\">\n\t\t\t<a href=\"https:\/\/lawandcorp.com\/index.php\/2022\/08\/27\/algunos-mitos-de-la-psicoterapia\/\" >\n\t\t\t\tALGUNOS MITOS DE LA PSICOTERAPIA\t\t\t<\/a>\n\t\t<\/h5>\n\t\t\n\t\t<a class=\"elementor-post__read-more\" href=\"https:\/\/lawandcorp.com\/index.php\/2022\/08\/27\/algunos-mitos-de-la-psicoterapia\/\" aria-label=\"M\u00e1s informaci\u00f3n sobre ALGUNOS MITOS DE LA PSICOTERAPIA\" tabindex=\"-1\" >\n\t\t\tLeer m\u00e1s \u00bb\t\t<\/a>\n\n\t\t\t\t<\/div>\n\t\t\t\t<div class=\"elementor-post__meta-data\">\n\t\t\t\t\t<span class=\"elementor-post-author\">\n\t\t\tSONIA DE JES\u00daS QUEZADA\t\t<\/span>\n\t\t\t\t<span class=\"elementor-post-date\">\n\t\t\t27 de agosto de 2022\t\t<\/span>\n\t\t\t\t<\/div>\n\t\t\t\t\t<\/div>\n\t\t<\/article>\n\t\t\t\t<\/div>\n\t\t\t\t\t<span class=\"e-load-more-spinner\">\n\t\t\t\t<i aria-hidden=\"true\" class=\"fas fa-spinner\"><\/i>\t\t\t<\/span>\n\t\t\n\t\t\t\t\t\t<\/div>\n\t\t\t\t<\/div>\n\t\t\t\t\t<\/div>\n\t\t<\/div>\n\t\t\t\t\t<\/div>\n\t\t<\/section>\n\t\t\t\t<\/div>\n\t\t","protected":false},"excerpt":{"rendered":"","protected":false},"author":1,"featured_media":0,"parent":0,"menu_order":0,"comment_status":"closed","ping_status":"closed","template":"","meta":{"om_disable_all_campaigns":false,"_monsterinsights_skip_tracking":false,"_monsterinsights_sitenote_active":false,"_monsterinsights_sitenote_note":"","_monsterinsights_sitenote_category":0,"site-sidebar-layout":"no-sidebar","site-content-layout":"page-builder","ast-main-header-display":"","ast-hfb-above-header-display":"","ast-hfb-below-header-display":"","ast-hfb-mobile-header-display":"","site-post-title":"disabled","ast-breadcrumbs-content":"","ast-featured-img":"disabled","footer-sml-layout":"","theme-transparent-header-meta":"","adv-header-id-meta":"","stick-header-meta":"","header-above-stick-meta":"","header-main-stick-meta":"","header-below-stick-meta":"","footnotes":""},"class_list":["post-1650","page","type-page","status-publish","hentry"],"aioseo_notices":[],"jetpack_sharing_enabled":true,"jetpack-related-posts":[],"_links":{"self":[{"href":"https:\/\/lawandcorp.com\/index.php\/wp-json\/wp\/v2\/pages\/1650","targetHints":{"allow":["GET"]}}],"collection":[{"href":"https:\/\/lawandcorp.com\/index.php\/wp-json\/wp\/v2\/pages"}],"about":[{"href":"https:\/\/lawandcorp.com\/index.php\/wp-json\/wp\/v2\/types\/page"}],"author":[{"embeddable":true,"href":"https:\/\/lawandcorp.com\/index.php\/wp-json\/wp\/v2\/users\/1"}],"replies":[{"embeddable":true,"href":"https:\/\/lawandcorp.com\/index.php\/wp-json\/wp\/v2\/comments?post=1650"}],"version-history":[{"count":4,"href":"https:\/\/lawandcorp.com\/index.php\/wp-json\/wp\/v2\/pages\/1650\/revisions"}],"predecessor-version":[{"id":1662,"href":"https:\/\/lawandcorp.com\/index.php\/wp-json\/wp\/v2\/pages\/1650\/revisions\/1662"}],"wp:attachment":[{"href":"https:\/\/lawandcorp.com\/index.php\/wp-json\/wp\/v2\/media?parent=1650"}],"curies":[{"name":"wp","href":"https:\/\/api.w.org\/{rel}","templated":true}]}}